{"id":1328,"date":"2025-10-09T10:39:48","date_gmt":"2025-10-09T10:39:48","guid":{"rendered":"https:\/\/thomasbremser.de\/?page_id=1328"},"modified":"2026-01-23T10:59:45","modified_gmt":"2026-01-23T10:59:45","slug":"sternenstaub-ist-ueberall","status":"publish","type":"page","link":"https:\/\/thomasbremser.de\/?page_id=1328","title":{"rendered":"STERNENSTAUB IST \u00dcBERALL"},"content":{"rendered":"\n<p>Wir sind ab 2.Februar 2026 auch auf Startnext. F\u00fcr dieses Croudfunding-Projekt sind Spenden sehr erw\u00fcnscht. <\/p>\n\n\n\n<figure class=\"wp-block-image size-full\"><img data-recalc-dims=\"1\" loading=\"lazy\" decoding=\"async\" width=\"525\" height=\"695\" src=\"https:\/\/i0.wp.com\/thomasbremser.de\/wp-content\/uploads\/2026\/01\/share_sternenstaub-ist-ueberall.jpeg?resize=525%2C695&#038;ssl=1\" alt=\"\" class=\"wp-image-1377\" srcset=\"https:\/\/i0.wp.com\/thomasbremser.de\/wp-content\/uploads\/2026\/01\/share_sternenstaub-ist-ueberall.jpeg?w=612&amp;ssl=1 612w, https:\/\/i0.wp.com\/thomasbremser.de\/wp-content\/uploads\/2026\/01\/share_sternenstaub-ist-ueberall.jpeg?resize=227%2C300&amp;ssl=1 227w\" sizes=\"auto, (max-width: 525px) 100vw, 525px\" \/><\/figure>\n\n\n\n<figure class=\"wp-block-image size-large\"><img data-recalc-dims=\"1\" loading=\"lazy\" decoding=\"async\" width=\"525\" height=\"735\" src=\"https:\/\/i0.wp.com\/thomasbremser.de\/wp-content\/uploads\/2026\/01\/Odymorph-Plakat1web1bremser1web.jpeg?resize=525%2C735&#038;ssl=1\" alt=\"\" class=\"wp-image-1375\" srcset=\"https:\/\/i0.wp.com\/thomasbremser.de\/wp-content\/uploads\/2026\/01\/Odymorph-Plakat1web1bremser1web.jpeg?resize=731%2C1024&amp;ssl=1 731w, https:\/\/i0.wp.com\/thomasbremser.de\/wp-content\/uploads\/2026\/01\/Odymorph-Plakat1web1bremser1web.jpeg?resize=214%2C300&amp;ssl=1 214w, https:\/\/i0.wp.com\/thomasbremser.de\/wp-content\/uploads\/2026\/01\/Odymorph-Plakat1web1bremser1web.jpeg?resize=768%2C1076&amp;ssl=1 768w, https:\/\/i0.wp.com\/thomasbremser.de\/wp-content\/uploads\/2026\/01\/Odymorph-Plakat1web1bremser1web.jpeg?w=870&amp;ssl=1 870w\" sizes=\"auto, (max-width: 525px) 100vw, 525px\" \/><\/figure>\n\n\n\n<p>Sternenstaub ist \u00fcberall\u2026<\/p>\n\n\n\n<p>Ein theatralisch-musikalisches Chorkonzert \u00fcber Klang, Zeit und Sehnsucht.<br>FAUSTL \u2013 mein Alter Ego ist Reisender zwischen Sternen, Mythen und Menschlichkeit \u2013 st\u00fcrzt mit seinem Raumgleiter ODYMORPH aus der Milchstra\u00dfe zur Erde.<\/p>\n\n\n\n<p>In seiner silbernen Schachtel hat er die goldene Schallplatte der Raumsonde VOYAGER gestohlen &#8211; einfach abmontiert.<\/p>\n\n\n\n<p>Wenn FAUSTL Sauerstoff aus Flaschen inhaliert, verwandelt er sich in den ORPHEUS BRITANNICUS HENRY PURCELL und stiftet, in einem Rettungsboot der QUEEN MARY 2 gelandet, musikalische Unruhe.<br>Was f\u00fcr ein Spa\u00df!&#x1f680;<\/p>\n\n\n\n<p>Er sucht sich selbst und alle Antworten auf alle Fragen.<\/p>\n\n\n\n<p>Auf seinem Weg begegnet FAUSTL frostigen Menschen, dem Cold Genius aus Purcell\u2018s KING ARTHUR, verlorenen Stimmen und kosmischen Echos: <strong>Pink Floyds \u201eAstronomy Domine\u201c<\/strong>, <strong>Purcells \u201eCold Song\u201c<\/strong>, <strong>David Bowies \u201eSpace Oddity\u201c<\/strong>, <strong>Elton Johns \u201eRocketman\u201c<\/strong> und Werke von <strong>Ruth Morris Gray<\/strong> und <strong>Anna Depenbusch<\/strong> und viele andere &#8211; und die verschmelzen zu einer poetischen Odyssee durch Raum, Zeit und Klang. Time Stands Still ist das Motto an diesem Abend.<\/p>\n\n\n\n<p>Zwischen Musik, Licht und Sprache entsteht eine Reise vom All zur Erde \u2013 und zur\u00fcck ins Innere. FAUSTL erkennt: Die gr\u00f6\u00dfte Entdeckung ist nicht im All, sondern im eigenen Herzen. \u201eIch wei\u00df, was ich wei\u00df\u2026 Ich flieg durch die Zeit.\u201c<\/p>\n\n\n\n<p>Mitwirkende:<br>Sternenstaubchor Duisburg<br>Ensemble Zungenreden<br>Britta Antunes Akkordeon<br>Thomas Bremser Altus Counter-Tenor<br>Musikalische Gesamtleitung Thomas Bremser<\/p>\n\n\n\n<p>Ort: Duisburger Hof, Samstag 14. M\u00e4rz 2026 Opernplatz 2 47051 Duisburg WYNDHAM Hotel<\/p>\n\n\n\n<p>#FAUSTL #Sternenstaubchor #Konzert #Duisburg #KingArthur #PinkFloyd #SpaceOddity #Rocketman #LuxAeterna #AnnaDepenbusch #Performance #Theaterkonzert<\/p>\n","protected":false},"excerpt":{"rendered":"<p>Wir sind ab 2.Februar 2026 auch auf Startnext. F\u00fcr dieses Croudfunding-Projekt sind Spenden sehr erw\u00fcnscht. Sternenstaub ist \u00fcberall\u2026 Ein theatralisch-musikalisches Chorkonzert \u00fcber Klang, Zeit und Sehnsucht.FAUSTL \u2013 mein Alter Ego ist Reisender zwischen Sternen, Mythen und Menschlichkeit \u2013 st\u00fcrzt mit seinem Raumgleiter ODYMORPH aus der Milchstra\u00dfe zur Erde. In seiner silbernen Schachtel hat er die &hellip; <\/p>\n<p class=\"link-more\"><a href=\"https:\/\/thomasbremser.de\/?page_id=1328\" class=\"more-link\"><span class=\"screen-reader-text\">\u201eSTERNENSTAUB IST \u00dcBERALL\u201c<\/span> weiterlesen<\/a><\/p>\n","protected":false},"author":1,"featured_media":0,"parent":0,"menu_order":0,"comment_status":"closed","ping_status":"closed","template":"","meta":{"footnotes":""},"class_list":["post-1328","page","type-page","status-publish","hentry"],"jetpack-related-posts":[],"jetpack_sharing_enabled":true,"_links":{"self":[{"href":"https:\/\/thomasbremser.de\/index.php?rest_route=\/wp\/v2\/pages\/1328","targetHints":{"allow":["GET"]}}],"collection":[{"href":"https:\/\/thomasbremser.de\/index.php?rest_route=\/wp\/v2\/pages"}],"about":[{"href":"https:\/\/thomasbremser.de\/index.php?rest_route=\/wp\/v2\/types\/page"}],"author":[{"embeddable":true,"href":"https:\/\/thomasbremser.de\/index.php?rest_route=\/wp\/v2\/users\/1"}],"replies":[{"embeddable":true,"href":"https:\/\/thomasbremser.de\/index.php?rest_route=%2Fwp%2Fv2%2Fcomments&post=1328"}],"version-history":[{"count":4,"href":"https:\/\/thomasbremser.de\/index.php?rest_route=\/wp\/v2\/pages\/1328\/revisions"}],"predecessor-version":[{"id":1380,"href":"https:\/\/thomasbremser.de\/index.php?rest_route=\/wp\/v2\/pages\/1328\/revisions\/1380"}],"wp:attachment":[{"href":"https:\/\/thomasbremser.de\/index.php?rest_route=%2Fwp%2Fv2%2Fmedia&parent=1328"}],"curies":[{"name":"wp","href":"https:\/\/api.w.org\/{rel}","templated":true}]}}