{"id":54,"date":"2019-04-16T03:17:14","date_gmt":"2019-04-16T03:17:14","guid":{"rendered":"https:\/\/thomasbremser.de\/?page_id=54"},"modified":"2026-04-10T05:10:21","modified_gmt":"2026-04-10T05:10:21","slug":"sternenstaubchor-duisburg","status":"publish","type":"page","link":"https:\/\/thomasbremser.de\/?page_id=54","title":{"rendered":"Sternenstaubchor 2026"},"content":{"rendered":"\n<figure class=\"wp-block-image size-large\"><img data-recalc-dims=\"1\" loading=\"lazy\" decoding=\"async\" width=\"525\" height=\"735\" src=\"https:\/\/i0.wp.com\/thomasbremser.de\/wp-content\/uploads\/2026\/01\/Odymorph-Plakat1web1bremser1web.jpeg?resize=525%2C735&#038;ssl=1\" alt=\"\" class=\"wp-image-1375\" srcset=\"https:\/\/i0.wp.com\/thomasbremser.de\/wp-content\/uploads\/2026\/01\/Odymorph-Plakat1web1bremser1web.jpeg?resize=731%2C1024&amp;ssl=1 731w, https:\/\/i0.wp.com\/thomasbremser.de\/wp-content\/uploads\/2026\/01\/Odymorph-Plakat1web1bremser1web.jpeg?resize=214%2C300&amp;ssl=1 214w, https:\/\/i0.wp.com\/thomasbremser.de\/wp-content\/uploads\/2026\/01\/Odymorph-Plakat1web1bremser1web.jpeg?resize=768%2C1076&amp;ssl=1 768w, https:\/\/i0.wp.com\/thomasbremser.de\/wp-content\/uploads\/2026\/01\/Odymorph-Plakat1web1bremser1web.jpeg?w=870&amp;ssl=1 870w\" sizes=\"auto, (max-width: 525px) 100vw, 525px\" \/><\/figure>\n\n\n\n<figure class=\"wp-block-image size-large\"><img data-recalc-dims=\"1\" loading=\"lazy\" decoding=\"async\" width=\"525\" height=\"406\" src=\"https:\/\/i0.wp.com\/thomasbremser.de\/wp-content\/uploads\/2026\/03\/IMG_6655.jpeg?resize=525%2C406&#038;ssl=1\" alt=\"\" class=\"wp-image-1420\" srcset=\"https:\/\/i0.wp.com\/thomasbremser.de\/wp-content\/uploads\/2026\/03\/IMG_6655.jpeg?resize=1024%2C791&amp;ssl=1 1024w, https:\/\/i0.wp.com\/thomasbremser.de\/wp-content\/uploads\/2026\/03\/IMG_6655.jpeg?resize=300%2C232&amp;ssl=1 300w, https:\/\/i0.wp.com\/thomasbremser.de\/wp-content\/uploads\/2026\/03\/IMG_6655.jpeg?resize=768%2C593&amp;ssl=1 768w, https:\/\/i0.wp.com\/thomasbremser.de\/wp-content\/uploads\/2026\/03\/IMG_6655.jpeg?w=1179&amp;ssl=1 1179w\" sizes=\"auto, (max-width: 767px) 89vw, (max-width: 1000px) 54vw, (max-width: 1071px) 543px, 580px\" \/><figcaption class=\"wp-element-caption\">Screenshot<\/figcaption><\/figure>\n\n\n\n<p><strong>Sternenstaub \u00fcber Duisburg<\/strong><\/p>\n\n\n\n<p>Sternenstaub ist \u00fcberall\u2026<\/p>\n\n\n\n<p>Ein theatralisch-musikalisches Chorkonzert \u00fcber Klang, Zeit und Sehnsucht.<br>FAUSTL \u2013 mein Alter Ego ist Reisender zwischen Sternen, Mythen und Menschlichkeit \u2013 st\u00fcrzt mit seinem Raumgleiter ODYMORPH aus der Milchstra\u00dfe zur Erde.<\/p>\n\n\n\n<p>In seiner silbernen Schachtel hat er die goldene Schallplatte der Raumsonde VOYAGER gestohlen &#8211; einfach abmontiert.<\/p>\n\n\n\n<p>Wenn FAUSTL Sauerstoff aus Flaschen inhaliert, verwandelt er sich in den ORPHEUS BRITANNICUS HENRY PURCELL und stiftet, in einem Rettungsboot der QUEEN MARY 2 gelandet, musikalische Unruhe.<br>Was f\u00fcr ein Spa\u00df!&#x1f680;<\/p>\n\n\n\n<p>Er sucht sich selbst und alle Antworten auf alle Fragen.<\/p>\n\n\n\n<p>Auf seinem Weg begegnet FAUSTL frostigen Menschen, dem Cold Genius aus Purcell\u2018s KING ARTHUR, verlorenen Stimmen und kosmischen Echos: <strong>Pink Floyds \u201eAstronomy Domine\u201c<\/strong>, <strong>Purcells \u201eCold Song\u201c<\/strong>, <strong>David Bowies \u201eSpace Oddity\u201c<\/strong>, <strong>Elton Johns \u201eRocketman\u201c<\/strong> und Werke von <strong>Ruth Morris Gray<\/strong> und <strong>Anna Depenbusch<\/strong> und viele andere &#8211; und die verschmelzen zu einer poetischen Odyssee durch Raum, Zeit und Klang. Time Stands Still ist das Motto an diesem Abend.<\/p>\n\n\n\n<p>Zwischen Musik, Licht und Sprache entsteht eine Reise vom All zur Erde \u2013 und zur\u00fcck ins Innere. FAUSTL erkennt: Die gr\u00f6\u00dfte Entdeckung ist nicht im All, sondern im eigenen Herzen. \u201eIch wei\u00df, was ich wei\u00df\u2026 Ich flieg durch die Zeit.\u201c<\/p>\n\n\n\n<p>Mitwirkende:<br>Sternenstaubchor Duisburg<br>Ensemble Zungenreden<br>Britta Antunes Akkordeon<br>Thomas Bremser Altus Counter-Tenor<br>Musikalische Gesamtleitung Thomas Bremser<\/p>\n\n\n\n<p>Ort: Duisburger Hof, Samstag 14. M\u00e4rz 2026 Opernplatz 2 47051 Duisburg WYNDHAM Hotel<\/p>\n\n\n\n<p>#FAUSTL #Sternenstaubchor #Konzert #Duisburg #KingArthur #PinkFloyd #SpaceOddity #Rocketman #LuxAeterna #AnnaDepenbusch #Performance #Theaterkonzert<\/p>\n\n\n\n<p>Ein magischer Konzertabend im Gro\u00dfen Saal mit dem Sternenstaubchor<\/p>\n\n\n\n<p>Am Opernplatz 2 in Duisburg verspricht ein au\u00dfergew\u00f6hnlicher Konzertabend, die Grenzen zwischen Realit\u00e4t und Traum zu verwischen. Unter dem funkelnden Motto \u201eSternenstaub ist \u00fcberall\u201c wird im prunkvollen Gro\u00dfen Saal des Duisburger Hofs im Wyndham Hotel am 14.03.2026 um 19:30 ein musikalisches Erlebnis geboten, das weit \u00fcber das Gew\u00f6hnliche hinausgeht.<\/p>\n\n\n\n<figure class=\"wp-block-image size-large\"><img data-recalc-dims=\"1\" loading=\"lazy\" decoding=\"async\" width=\"525\" height=\"525\" src=\"https:\/\/i0.wp.com\/thomasbremser.de\/wp-content\/uploads\/2023\/01\/Unbenannt.png?resize=525%2C525&#038;ssl=1\" alt=\"\" class=\"wp-image-1316\" srcset=\"https:\/\/i0.wp.com\/thomasbremser.de\/wp-content\/uploads\/2023\/01\/Unbenannt.png?resize=1024%2C1024&amp;ssl=1 1024w, https:\/\/i0.wp.com\/thomasbremser.de\/wp-content\/uploads\/2023\/01\/Unbenannt.png?resize=300%2C300&amp;ssl=1 300w, https:\/\/i0.wp.com\/thomasbremser.de\/wp-content\/uploads\/2023\/01\/Unbenannt.png?resize=150%2C150&amp;ssl=1 150w, https:\/\/i0.wp.com\/thomasbremser.de\/wp-content\/uploads\/2023\/01\/Unbenannt.png?resize=768%2C768&amp;ssl=1 768w, https:\/\/i0.wp.com\/thomasbremser.de\/wp-content\/uploads\/2023\/01\/Unbenannt.png?resize=100%2C100&amp;ssl=1 100w, https:\/\/i0.wp.com\/thomasbremser.de\/wp-content\/uploads\/2023\/01\/Unbenannt.png?w=1080&amp;ssl=1 1080w\" sizes=\"auto, (max-width: 767px) 89vw, (max-width: 1000px) 54vw, (max-width: 1071px) 543px, 580px\" \/><\/figure>\n\n\n\n<p>Schon ab 19:00 Uhr \u00f6ffnen sich die Pforten f\u00fcr alle, die bereit sind, sich von den Kl\u00e4ngen verzaubern zu lassen \u2013 der Eintritt betr\u00e4gt hierf\u00fcr nur 10 Euro. Der renommierte Sternenstaubchor Duisburg, bekannt f\u00fcr seine stimmgewaltigen Interpretationen und emotionale Ausdruckskraft, pr\u00e4sentiert ein sorgf\u00e4ltig ausgew\u00e4hltes Programm. Die Chormusik, getragen von Solistinnen und Solisten des Chores, l\u00e4sst den Saal in einem Meer aus harmonischen T\u00f6nen erstrahlen und l\u00e4dt das Publikum zu einer Reise in die Sph\u00e4ren der Musik ein.<\/p>\n\n\n\n<p>Doch der Zauber endet hier nicht: Als besonderes Highlight tritt das Ensemble Zungenreden auf. Im Ensemble Zungenreden von Britta Antunes verschmelzen die faszinierenden Kl\u00e4nge des Akkordeons mit der einzigartigen Stimme des Countertenors Thomas Bremser zu einem unvergesslichen Klangereignisses.. Ihre Darbietung schafft es, traditionelle Elemente mit modernen Impulsen zu verbinden und so ein musikalisches Narrativ zu weben, das die Zuh\u00f6rer in seinen Bann zieht.<\/p>\n\n\n\n<figure class=\"wp-block-image size-large\"><img data-recalc-dims=\"1\" loading=\"lazy\" decoding=\"async\" width=\"525\" height=\"525\" src=\"https:\/\/i0.wp.com\/thomasbremser.de\/wp-content\/uploads\/2023\/01\/Unbenannt.png?resize=525%2C525&#038;ssl=1\" alt=\"\" class=\"wp-image-1316\" srcset=\"https:\/\/i0.wp.com\/thomasbremser.de\/wp-content\/uploads\/2023\/01\/Unbenannt.png?resize=1024%2C1024&amp;ssl=1 1024w, https:\/\/i0.wp.com\/thomasbremser.de\/wp-content\/uploads\/2023\/01\/Unbenannt.png?resize=300%2C300&amp;ssl=1 300w, https:\/\/i0.wp.com\/thomasbremser.de\/wp-content\/uploads\/2023\/01\/Unbenannt.png?resize=150%2C150&amp;ssl=1 150w, https:\/\/i0.wp.com\/thomasbremser.de\/wp-content\/uploads\/2023\/01\/Unbenannt.png?resize=768%2C768&amp;ssl=1 768w, https:\/\/i0.wp.com\/thomasbremser.de\/wp-content\/uploads\/2023\/01\/Unbenannt.png?resize=100%2C100&amp;ssl=1 100w, https:\/\/i0.wp.com\/thomasbremser.de\/wp-content\/uploads\/2023\/01\/Unbenannt.png?w=1080&amp;ssl=1 1080w\" sizes=\"auto, (max-width: 767px) 89vw, (max-width: 1000px) 54vw, (max-width: 1071px) 543px, 580px\" \/><\/figure>\n\n\n\n<p>Pr\u00e4sentiert von Sternenstaubmusik, wird der Abend zu einem Fest der Sinne \u2013 ein Erlebnis, bei dem jede Note, jeder Atemzug und jeder Augenblick dazu beitr\u00e4gt, den staubigen Schleier des Allt\u00e4glichen zu l\u00fcften und den Funken der Magie wieder aufleben zu lassen. Inmitten der urbanen Kulisse Duisburgs wird der Konzertsaal zum Schauplatz eines Abends, an dem Sternenstaub nicht nur als poetische Metapher existiert, sondern in jeder Melodie und in jedem Klang greifbar wird.<\/p>\n\n\n\n<p>F\u00fcr Musikliebhaber und all jene, die sich nach einem au\u00dfergew\u00f6hnlichen Ausflug in die Welt der Kl\u00e4nge sehnen, ist dieser Abend ein absolutes Muss. Lassen Sie sich von der Symphonie der Stimmen und Instrumente entf\u00fchren und erleben Sie, wie an diesem besonderen Abend der Sternenstaub \u00fcberall \u2013 in den T\u00f6nen, in der Atmosph\u00e4re und in Ihren Herzen \u2013 seine Magie entfaltet.<\/p>\n\n\n\n<p><strong>Ank\u00fcndigung<\/strong>: <\/p>\n\n\n\n<p>STERNENSTAUBCHOR DUISBURG 2. Chorkonzert STERNENSTAUB IST \u00dcBERALL 14.03.2026 Gro\u00dfer Saal Duisburger Hof WYNDHAM 19:30 Uhr Opernplatz 2 &#8211; 47051 Duisburg Info ab Januar 2026 www.thomasbremser.de<\/p>\n\n\n\n<p><\/p>\n\n\n\n<p><\/p>\n\n\n\n<p>Vorschau 2023<br><img data-recalc-dims=\"1\" loading=\"lazy\" decoding=\"async\" width=\"525\" height=\"295\" class=\"wp-image-1194\" style=\"width: 800px;\" src=\"https:\/\/i0.wp.com\/thomasbremser.de\/wp-content\/uploads\/2022\/10\/46D2C548-615C-4F22-8902-4C3636478816.jpeg?resize=525%2C295&#038;ssl=1\" alt=\"\" srcset=\"https:\/\/i0.wp.com\/thomasbremser.de\/wp-content\/uploads\/2022\/10\/46D2C548-615C-4F22-8902-4C3636478816.jpeg?w=1200&amp;ssl=1 1200w, https:\/\/i0.wp.com\/thomasbremser.de\/wp-content\/uploads\/2022\/10\/46D2C548-615C-4F22-8902-4C3636478816.jpeg?resize=300%2C169&amp;ssl=1 300w, https:\/\/i0.wp.com\/thomasbremser.de\/wp-content\/uploads\/2022\/10\/46D2C548-615C-4F22-8902-4C3636478816.jpeg?resize=1024%2C576&amp;ssl=1 1024w, https:\/\/i0.wp.com\/thomasbremser.de\/wp-content\/uploads\/2022\/10\/46D2C548-615C-4F22-8902-4C3636478816.jpeg?resize=768%2C432&amp;ssl=1 768w\" sizes=\"auto, (max-width: 767px) 89vw, (max-width: 1000px) 54vw, (max-width: 1071px) 543px, 580px\" \/><br><br><img data-recalc-dims=\"1\" loading=\"lazy\" decoding=\"async\" width=\"525\" height=\"745\" class=\"wp-image-1301\" style=\"width: 600px;\" src=\"https:\/\/i0.wp.com\/thomasbremser.de\/wp-content\/uploads\/2025\/02\/C786A06C-3336-4E72-8059-DD6D40ABD2AF.jpeg?resize=525%2C745&#038;ssl=1\" alt=\"\" srcset=\"https:\/\/i0.wp.com\/thomasbremser.de\/wp-content\/uploads\/2025\/02\/C786A06C-3336-4E72-8059-DD6D40ABD2AF.jpeg?w=1748&amp;ssl=1 1748w, https:\/\/i0.wp.com\/thomasbremser.de\/wp-content\/uploads\/2025\/02\/C786A06C-3336-4E72-8059-DD6D40ABD2AF.jpeg?resize=211%2C300&amp;ssl=1 211w, https:\/\/i0.wp.com\/thomasbremser.de\/wp-content\/uploads\/2025\/02\/C786A06C-3336-4E72-8059-DD6D40ABD2AF.jpeg?resize=722%2C1024&amp;ssl=1 722w, https:\/\/i0.wp.com\/thomasbremser.de\/wp-content\/uploads\/2025\/02\/C786A06C-3336-4E72-8059-DD6D40ABD2AF.jpeg?resize=768%2C1090&amp;ssl=1 768w, https:\/\/i0.wp.com\/thomasbremser.de\/wp-content\/uploads\/2025\/02\/C786A06C-3336-4E72-8059-DD6D40ABD2AF.jpeg?resize=1083%2C1536&amp;ssl=1 1083w, https:\/\/i0.wp.com\/thomasbremser.de\/wp-content\/uploads\/2025\/02\/C786A06C-3336-4E72-8059-DD6D40ABD2AF.jpeg?resize=1444%2C2048&amp;ssl=1 1444w, https:\/\/i0.wp.com\/thomasbremser.de\/wp-content\/uploads\/2025\/02\/C786A06C-3336-4E72-8059-DD6D40ABD2AF.jpeg?w=1575&amp;ssl=1 1575w\" sizes=\"auto, (max-width: 525px) 100vw, 525px\" \/><\/p>\n\n\n\n<p><br><img data-recalc-dims=\"1\" loading=\"lazy\" decoding=\"async\" width=\"525\" height=\"275\" class=\"wp-image-1242\" style=\"width: 600px;\" src=\"https:\/\/i0.wp.com\/thomasbremser.de\/wp-content\/uploads\/2023\/01\/FAE8ECBB-4C51-4BD1-A055-6B69D1E3E34D.jpeg?resize=525%2C275&#038;ssl=1\" alt=\"\" srcset=\"https:\/\/i0.wp.com\/thomasbremser.de\/wp-content\/uploads\/2023\/01\/FAE8ECBB-4C51-4BD1-A055-6B69D1E3E34D.jpeg?w=1080&amp;ssl=1 1080w, https:\/\/i0.wp.com\/thomasbremser.de\/wp-content\/uploads\/2023\/01\/FAE8ECBB-4C51-4BD1-A055-6B69D1E3E34D.jpeg?resize=300%2C157&amp;ssl=1 300w, https:\/\/i0.wp.com\/thomasbremser.de\/wp-content\/uploads\/2023\/01\/FAE8ECBB-4C51-4BD1-A055-6B69D1E3E34D.jpeg?resize=1024%2C537&amp;ssl=1 1024w, https:\/\/i0.wp.com\/thomasbremser.de\/wp-content\/uploads\/2023\/01\/FAE8ECBB-4C51-4BD1-A055-6B69D1E3E34D.jpeg?resize=768%2C402&amp;ssl=1 768w\" sizes=\"auto, (max-width: 525px) 100vw, 525px\" \/><br><img data-recalc-dims=\"1\" loading=\"lazy\" decoding=\"async\" width=\"525\" height=\"525\" class=\"wp-image-1240\" style=\"width: 600px;\" src=\"https:\/\/i0.wp.com\/thomasbremser.de\/wp-content\/uploads\/2023\/01\/11524523-FCC6-48DA-9862-3DB471C9DB5F.png?resize=525%2C525&#038;ssl=1\" alt=\"\" srcset=\"https:\/\/i0.wp.com\/thomasbremser.de\/wp-content\/uploads\/2023\/01\/11524523-FCC6-48DA-9862-3DB471C9DB5F.png?w=1080&amp;ssl=1 1080w, https:\/\/i0.wp.com\/thomasbremser.de\/wp-content\/uploads\/2023\/01\/11524523-FCC6-48DA-9862-3DB471C9DB5F.png?resize=300%2C300&amp;ssl=1 300w, https:\/\/i0.wp.com\/thomasbremser.de\/wp-content\/uploads\/2023\/01\/11524523-FCC6-48DA-9862-3DB471C9DB5F.png?resize=1024%2C1024&amp;ssl=1 1024w, https:\/\/i0.wp.com\/thomasbremser.de\/wp-content\/uploads\/2023\/01\/11524523-FCC6-48DA-9862-3DB471C9DB5F.png?resize=150%2C150&amp;ssl=1 150w, https:\/\/i0.wp.com\/thomasbremser.de\/wp-content\/uploads\/2023\/01\/11524523-FCC6-48DA-9862-3DB471C9DB5F.png?resize=768%2C768&amp;ssl=1 768w, https:\/\/i0.wp.com\/thomasbremser.de\/wp-content\/uploads\/2023\/01\/11524523-FCC6-48DA-9862-3DB471C9DB5F.png?resize=100%2C100&amp;ssl=1 100w\" sizes=\"auto, (max-width: 525px) 100vw, 525px\" \/><\/p>\n\n\n\n<p>Die Gr\u00fcndung des <strong>STERNENSTAUBCHORES <\/strong>fand in Duisburg am 4. April 2017 um 19:30 Uhr statt. <a rel=\"noreferrer noopener\" href=\"http:\/\/www.sternenstaubchor.de\" data-type=\"URL\" data-id=\"www.sternenstaubchor.de\" target=\"_blank\">www.sternenstaubchor.de<\/a><a href=\"http:\/\/www.pianistik.de\/\"><br><br><\/a>Jede S\u00e4ngerin und jeder S\u00e4nger sind herzlich eingeladen,<br>zu einem zweist\u00fcndigen &#8222;Singen ohne Grenzen&#8220; zu kommen.<br>Chorliteratur umfasst vorwiegend weltliche Musik des 16. &#8211; 21. Jahrhunderts.<br>Voraussetzung ist gute Laune und der Wille etwas mehr \u00fcber seine Stimme zu erfahren.<br><br>Der <strong>STERNENSTAUBCHOR probt <\/strong> ab Februar 2021 im Kunstverein Duisburg<br>Weidenweg 10 <\/p>\n\n\n\n<p><br><a href=\"http:\/\/www.sternenstaubchor.de\" target=\"_blank\" rel=\"noreferrer noopener\">http:\/\/www.sternenstaubchor.de<\/a><\/p>\n\n\n\n<p>Seit M\u00e4rz 2022 ist der Sternenstaubchor Mitglied im Chorverband NRW<\/p>\n\n\n\n<figure class=\"wp-block-image size-full is-resized\"><img data-recalc-dims=\"1\" loading=\"lazy\" decoding=\"async\" width=\"195\" height=\"202\" src=\"https:\/\/i0.wp.com\/thomasbremser.de\/wp-content\/uploads\/2022\/05\/9411B1F5-04FB-4B4C-984B-718DA1891705.jpeg?resize=195%2C202&#038;ssl=1\" alt=\"\" class=\"wp-image-1150\" style=\"width:195px;height:202px\"\/><figcaption class=\"wp-element-caption\">Chorverband NRW<\/figcaption><\/figure>\n\n\n\n<p><br><br><a rel=\"noreferrer noopener\" href=\"http:\/\/www.sternenstaubchor.de\" data-type=\"URL\" data-id=\"www.sternenstaubchor.de\" target=\"_blank\"><img data-recalc-dims=\"1\" loading=\"lazy\" decoding=\"async\" width=\"500\" height=\"199\" class=\"wp-image-514\" style=\"width: 500px;\" src=\"https:\/\/i0.wp.com\/thomasbremser.de\/wp-content\/uploads\/2021\/09\/A69511C3-022E-4EB9-9D08-F7D71F769F15.jpeg?resize=500%2C199\" alt=\"\" srcset=\"https:\/\/i0.wp.com\/thomasbremser.de\/wp-content\/uploads\/2021\/09\/A69511C3-022E-4EB9-9D08-F7D71F769F15.jpeg?w=2048&amp;ssl=1 2048w, https:\/\/i0.wp.com\/thomasbremser.de\/wp-content\/uploads\/2021\/09\/A69511C3-022E-4EB9-9D08-F7D71F769F15.jpeg?resize=300%2C119&amp;ssl=1 300w, https:\/\/i0.wp.com\/thomasbremser.de\/wp-content\/uploads\/2021\/09\/A69511C3-022E-4EB9-9D08-F7D71F769F15.jpeg?resize=1024%2C407&amp;ssl=1 1024w, https:\/\/i0.wp.com\/thomasbremser.de\/wp-content\/uploads\/2021\/09\/A69511C3-022E-4EB9-9D08-F7D71F769F15.jpeg?resize=768%2C305&amp;ssl=1 768w, https:\/\/i0.wp.com\/thomasbremser.de\/wp-content\/uploads\/2021\/09\/A69511C3-022E-4EB9-9D08-F7D71F769F15.jpeg?resize=1536%2C611&amp;ssl=1 1536w\" sizes=\"auto, (max-width: 500px) 100vw, 500px\" \/><\/a><br>Mitgliedschaft: ab 1. Dezember 2021 betr\u00e4gt der Mitgliedsbeitrag <strong>35\u20ac<\/strong>.<br><br><img data-recalc-dims=\"1\" loading=\"lazy\" decoding=\"async\" width=\"525\" height=\"350\" class=\"wp-image-547\" style=\"width: 150px\" src=\"https:\/\/i0.wp.com\/thomasbremser.de\/wp-content\/uploads\/2021\/09\/C513D221-46DB-48E2-9B4A-3CE3069925DC.jpeg?resize=525%2C350\" alt=\"\" srcset=\"https:\/\/i0.wp.com\/thomasbremser.de\/wp-content\/uploads\/2021\/09\/C513D221-46DB-48E2-9B4A-3CE3069925DC.jpeg?w=2048&amp;ssl=1 2048w, https:\/\/i0.wp.com\/thomasbremser.de\/wp-content\/uploads\/2021\/09\/C513D221-46DB-48E2-9B4A-3CE3069925DC.jpeg?resize=300%2C200&amp;ssl=1 300w, https:\/\/i0.wp.com\/thomasbremser.de\/wp-content\/uploads\/2021\/09\/C513D221-46DB-48E2-9B4A-3CE3069925DC.jpeg?resize=1024%2C683&amp;ssl=1 1024w, https:\/\/i0.wp.com\/thomasbremser.de\/wp-content\/uploads\/2021\/09\/C513D221-46DB-48E2-9B4A-3CE3069925DC.jpeg?resize=768%2C512&amp;ssl=1 768w, https:\/\/i0.wp.com\/thomasbremser.de\/wp-content\/uploads\/2021\/09\/C513D221-46DB-48E2-9B4A-3CE3069925DC.jpeg?resize=1536%2C1024&amp;ssl=1 1536w\" sizes=\"auto, (max-width: 767px) 89vw, (max-width: 1000px) 54vw, (max-width: 1071px) 543px, 580px\" \/> <br><br> Musikalische Gesamtleitung:<br> Thomas Bremser<br> Info unter MOBIL 015129103158<br><br><strong>Konzerte aktuell:<\/strong><br>DOPPELKONZERT<br><br>16:00 ZEICHENSAAL DUISBURG<br>19:00 Evangelische Dorfkirche Repelen<\/p>\n\n\n\n<p><br><strong>Konzerte Archiv<\/strong><br><strong><br> 2017\/2018 Auftritte in verschiedenen Seniorenheim <br> 2. Dezember 201<\/strong>9<br> &#8222;Nicht nur zur Weihnachtszeit&#8220; Offenes Singen mit Solisten und dem <strong>STERNENSTAUBCHOR<\/strong><br><br><br><br><img data-recalc-dims=\"1\" loading=\"lazy\" decoding=\"async\" width=\"150\" height=\"100\" class=\"wp-image-552\" style=\"width: 150px;\" src=\"https:\/\/i0.wp.com\/thomasbremser.de\/wp-content\/uploads\/2021\/09\/E933F1DB-B895-413D-8AAF-19F2EFFC5510.jpeg?resize=150%2C100\" alt=\"\" srcset=\"https:\/\/i0.wp.com\/thomasbremser.de\/wp-content\/uploads\/2021\/09\/E933F1DB-B895-413D-8AAF-19F2EFFC5510.jpeg?w=2048&amp;ssl=1 2048w, https:\/\/i0.wp.com\/thomasbremser.de\/wp-content\/uploads\/2021\/09\/E933F1DB-B895-413D-8AAF-19F2EFFC5510.jpeg?resize=300%2C200&amp;ssl=1 300w, https:\/\/i0.wp.com\/thomasbremser.de\/wp-content\/uploads\/2021\/09\/E933F1DB-B895-413D-8AAF-19F2EFFC5510.jpeg?resize=1024%2C683&amp;ssl=1 1024w, https:\/\/i0.wp.com\/thomasbremser.de\/wp-content\/uploads\/2021\/09\/E933F1DB-B895-413D-8AAF-19F2EFFC5510.jpeg?resize=768%2C512&amp;ssl=1 768w, https:\/\/i0.wp.com\/thomasbremser.de\/wp-content\/uploads\/2021\/09\/E933F1DB-B895-413D-8AAF-19F2EFFC5510.jpeg?resize=1536%2C1024&amp;ssl=1 1536w\" sizes=\"auto, (max-width: 150px) 100vw, 150px\" \/><\/p>\n\n\n\n<p><img data-recalc-dims=\"1\" loading=\"lazy\" decoding=\"async\" width=\"150\" height=\"225\" class=\"wp-image-549\" style=\"width: 150px;\" src=\"https:\/\/i0.wp.com\/thomasbremser.de\/wp-content\/uploads\/2021\/09\/2CFAF117-C1E4-4740-BEAB-CB4439966156.jpeg?resize=150%2C225\" alt=\"\" srcset=\"https:\/\/i0.wp.com\/thomasbremser.de\/wp-content\/uploads\/2021\/09\/2CFAF117-C1E4-4740-BEAB-CB4439966156.jpeg?w=1365&amp;ssl=1 1365w, https:\/\/i0.wp.com\/thomasbremser.de\/wp-content\/uploads\/2021\/09\/2CFAF117-C1E4-4740-BEAB-CB4439966156.jpeg?resize=200%2C300&amp;ssl=1 200w, https:\/\/i0.wp.com\/thomasbremser.de\/wp-content\/uploads\/2021\/09\/2CFAF117-C1E4-4740-BEAB-CB4439966156.jpeg?resize=683%2C1024&amp;ssl=1 683w, https:\/\/i0.wp.com\/thomasbremser.de\/wp-content\/uploads\/2021\/09\/2CFAF117-C1E4-4740-BEAB-CB4439966156.jpeg?resize=768%2C1152&amp;ssl=1 768w, https:\/\/i0.wp.com\/thomasbremser.de\/wp-content\/uploads\/2021\/09\/2CFAF117-C1E4-4740-BEAB-CB4439966156.jpeg?resize=1024%2C1536&amp;ssl=1 1024w\" sizes=\"auto, (max-width: 150px) 100vw, 150px\" \/><br><\/p>\n\n\n\n<p><img data-recalc-dims=\"1\" loading=\"lazy\" decoding=\"async\" width=\"150\" height=\"100\" class=\"wp-image-547\" style=\"width: 150px;\" src=\"https:\/\/i0.wp.com\/thomasbremser.de\/wp-content\/uploads\/2021\/09\/C513D221-46DB-48E2-9B4A-3CE3069925DC.jpeg?resize=150%2C100\" alt=\"\" srcset=\"https:\/\/i0.wp.com\/thomasbremser.de\/wp-content\/uploads\/2021\/09\/C513D221-46DB-48E2-9B4A-3CE3069925DC.jpeg?w=2048&amp;ssl=1 2048w, https:\/\/i0.wp.com\/thomasbremser.de\/wp-content\/uploads\/2021\/09\/C513D221-46DB-48E2-9B4A-3CE3069925DC.jpeg?resize=300%2C200&amp;ssl=1 300w, https:\/\/i0.wp.com\/thomasbremser.de\/wp-content\/uploads\/2021\/09\/C513D221-46DB-48E2-9B4A-3CE3069925DC.jpeg?resize=1024%2C683&amp;ssl=1 1024w, https:\/\/i0.wp.com\/thomasbremser.de\/wp-content\/uploads\/2021\/09\/C513D221-46DB-48E2-9B4A-3CE3069925DC.jpeg?resize=768%2C512&amp;ssl=1 768w, https:\/\/i0.wp.com\/thomasbremser.de\/wp-content\/uploads\/2021\/09\/C513D221-46DB-48E2-9B4A-3CE3069925DC.jpeg?resize=1536%2C1024&amp;ssl=1 1536w\" sizes=\"auto, (max-width: 150px) 100vw, 150px\" \/><br><strong>Konzerte Archiv<\/strong><br><strong><br> 2017\/2018 Auftritte in verschiedenen Seniorenheim <br> 2. Dezember 2018<\/strong><br> &#8222;Nicht nur zur Weihnachtszeit&#8220; Offenes Singen mit Solisten und dem <strong>STERNENSTAUBCHOR<\/strong><\/p>\n\n\n\n<p><strong><span style=\"text-decoration: underline;\">Aktuelles<\/span><\/strong> 2021<\/p>\n\n\n\n<p>Proben f\u00fcr Weihnachtskonzerte 2021<\/p>\n\n\n\n<p>Musicalprojekt 2023\/24<\/p>\n\n\n\n<figure class=\"wp-block-image size-large\"><a href=\"www.sternenstaubchor.de\" target=\"_blank\" rel=\"noopener\"><img data-recalc-dims=\"1\" loading=\"lazy\" decoding=\"async\" width=\"525\" height=\"275\" src=\"https:\/\/i0.wp.com\/thomasbremser.de\/wp-content\/uploads\/2021\/12\/sternenstaubchor_bremser1.jpg?resize=525%2C275&#038;ssl=1\" alt=\"\" class=\"wp-image-854\" srcset=\"https:\/\/i0.wp.com\/thomasbremser.de\/wp-content\/uploads\/2021\/12\/sternenstaubchor_bremser1.jpg?resize=1024%2C536&amp;ssl=1 1024w, https:\/\/i0.wp.com\/thomasbremser.de\/wp-content\/uploads\/2021\/12\/sternenstaubchor_bremser1.jpg?resize=300%2C157&amp;ssl=1 300w, https:\/\/i0.wp.com\/thomasbremser.de\/wp-content\/uploads\/2021\/12\/sternenstaubchor_bremser1.jpg?resize=768%2C402&amp;ssl=1 768w, https:\/\/i0.wp.com\/thomasbremser.de\/wp-content\/uploads\/2021\/12\/sternenstaubchor_bremser1.jpg?w=1200&amp;ssl=1 1200w\" sizes=\"auto, (max-width: 767px) 89vw, (max-width: 1000px) 54vw, (max-width: 1071px) 543px, 580px\" \/><\/a><figcaption class=\"wp-element-caption\">www.sternenstaubchor.de<\/figcaption><\/figure>\n\n\n\n<p><br><br><\/p>\n\n\n\n<p><\/p>\n","protected":false},"excerpt":{"rendered":"<p>Sternenstaub \u00fcber Duisburg Sternenstaub ist \u00fcberall\u2026 Ein theatralisch-musikalisches Chorkonzert \u00fcber Klang, Zeit und Sehnsucht.FAUSTL \u2013 mein Alter Ego ist Reisender zwischen Sternen, Mythen und Menschlichkeit \u2013 st\u00fcrzt mit seinem Raumgleiter ODYMORPH aus der Milchstra\u00dfe zur Erde. In seiner silbernen Schachtel hat er die goldene Schallplatte der Raumsonde VOYAGER gestohlen &#8211; einfach abmontiert. Wenn FAUSTL Sauerstoff &hellip; <\/p>\n<p class=\"link-more\"><a href=\"https:\/\/thomasbremser.de\/?page_id=54\" class=\"more-link\"><span class=\"screen-reader-text\">\u201eSternenstaubchor 2026\u201c<\/span> weiterlesen<\/a><\/p>\n","protected":false},"author":1,"featured_media":1316,"parent":0,"menu_order":0,"comment_status":"closed","ping_status":"closed","template":"","meta":{"footnotes":""},"class_list":["post-54","page","type-page","status-publish","has-post-thumbnail","hentry"],"jetpack-related-posts":[],"jetpack_sharing_enabled":true,"_links":{"self":[{"href":"https:\/\/thomasbremser.de\/index.php?rest_route=\/wp\/v2\/pages\/54","targetHints":{"allow":["GET"]}}],"collection":[{"href":"https:\/\/thomasbremser.de\/index.php?rest_route=\/wp\/v2\/pages"}],"about":[{"href":"https:\/\/thomasbremser.de\/index.php?rest_route=\/wp\/v2\/types\/page"}],"author":[{"embeddable":true,"href":"https:\/\/thomasbremser.de\/index.php?rest_route=\/wp\/v2\/users\/1"}],"replies":[{"embeddable":true,"href":"https:\/\/thomasbremser.de\/index.php?rest_route=%2Fwp%2Fv2%2Fcomments&post=54"}],"version-history":[{"count":39,"href":"https:\/\/thomasbremser.de\/index.php?rest_route=\/wp\/v2\/pages\/54\/revisions"}],"predecessor-version":[{"id":1430,"href":"https:\/\/thomasbremser.de\/index.php?rest_route=\/wp\/v2\/pages\/54\/revisions\/1430"}],"wp:featuredmedia":[{"embeddable":true,"href":"https:\/\/thomasbremser.de\/index.php?rest_route=\/wp\/v2\/media\/1316"}],"wp:attachment":[{"href":"https:\/\/thomasbremser.de\/index.php?rest_route=%2Fwp%2Fv2%2Fmedia&parent=54"}],"curies":[{"name":"wp","href":"https:\/\/api.w.org\/{rel}","templated":true}]}}